{"id":18555,"date":"2022-03-14T10:45:26","date_gmt":"2022-03-14T10:45:26","guid":{"rendered":"http:\/\/www.tomrist.com\/tr\/?page_id=18555"},"modified":"2023-12-20T23:25:43","modified_gmt":"2023-12-20T23:25:43","slug":"about","status":"publish","type":"page","link":"https:\/\/www.tomrist.com\/tr\/about\/","title":{"rendered":"Hakk\u0131nda"},"content":{"rendered":"\t\t<div data-elementor-type=\"wp-page\" data-elementor-id=\"18555\" class=\"elementor elementor-18555\">\n\t\t\t\t\t\t<section class=\"elementor-section elementor-top-section elementor-element elementor-element-585e03c elementor-section-boxed elementor-section-height-default elementor-section-height-default sc_fly_static\" data-id=\"585e03c\" data-element_type=\"section\">\n\t\t\t\t\t\t<div class=\"elementor-container elementor-column-gap-extended\">\n\t\t\t\t\t<div class=\"elementor-column elementor-col-100 elementor-top-column elementor-element elementor-element-b5072ba sc_inner_width_none sc_content_align_inherit sc_layouts_column_icons_position_left sc_fly_static\" data-id=\"b5072ba\" data-element_type=\"column\">\n\t\t\t<div class=\"elementor-widget-wrap elementor-element-populated\">\n\t\t\t\t\t\t<div class=\"elementor-element elementor-element-51ac3bd sc_height_huge sc_fly_static elementor-widget elementor-widget-spacer\" data-id=\"51ac3bd\" data-element_type=\"widget\" data-widget_type=\"spacer.default\">\n\t\t\t\t<div class=\"elementor-widget-container\">\n\t\t\t<style>\/*! elementor - v3.22.0 - 26-06-2024 *\/\n.elementor-column .elementor-spacer-inner{height:var(--spacer-size)}.e-con{--container-widget-width:100%}.e-con-inner>.elementor-widget-spacer,.e-con>.elementor-widget-spacer{width:var(--container-widget-width,var(--spacer-size));--align-self:var(--container-widget-align-self,initial);--flex-shrink:0}.e-con-inner>.elementor-widget-spacer>.elementor-widget-container,.e-con>.elementor-widget-spacer>.elementor-widget-container{height:100%;width:100%}.e-con-inner>.elementor-widget-spacer>.elementor-widget-container>.elementor-spacer,.e-con>.elementor-widget-spacer>.elementor-widget-container>.elementor-spacer{height:100%}.e-con-inner>.elementor-widget-spacer>.elementor-widget-container>.elementor-spacer>.elementor-spacer-inner,.e-con>.elementor-widget-spacer>.elementor-widget-container>.elementor-spacer>.elementor-spacer-inner{height:var(--container-widget-height,var(--spacer-size))}.e-con-inner>.elementor-widget-spacer.elementor-widget-empty,.e-con>.elementor-widget-spacer.elementor-widget-empty{position:relative;min-height:22px;min-width:22px}.e-con-inner>.elementor-widget-spacer.elementor-widget-empty .elementor-widget-empty-icon,.e-con>.elementor-widget-spacer.elementor-widget-empty .elementor-widget-empty-icon{position:absolute;top:0;bottom:0;left:0;right:0;margin:auto;padding:0;width:22px;height:22px}<\/style>\t\t<div class=\"elementor-spacer\">\n\t\t\t<div class=\"elementor-spacer-inner\"><\/div>\n\t\t<\/div>\n\t\t\t\t<\/div>\n\t\t\t\t<\/div>\n\t\t\t\t\t<\/div>\n\t\t<\/div>\n\t\t\t\t\t<\/div>\n\t\t<\/section>\n\t\t\t\t<section class=\"elementor-section elementor-top-section elementor-element elementor-element-aadf623 elementor-section-boxed elementor-section-height-default elementor-section-height-default sc_fly_static\" data-id=\"aadf623\" data-element_type=\"section\">\n\t\t\t\t\t\t<div class=\"elementor-container elementor-column-gap-extended\">\n\t\t\t\t\t<div class=\"elementor-column elementor-col-50 elementor-top-column elementor-element elementor-element-05bf574 sc_inner_width_none sc_content_align_inherit sc_layouts_column_icons_position_left sc_fly_static\" data-id=\"05bf574\" data-element_type=\"column\">\n\t\t\t<div class=\"elementor-widget-wrap elementor-element-populated\">\n\t\t\t\t\t\t<div class=\"elementor-element elementor-element-707516c sc_fly_static elementor-widget elementor-widget-trx_sc_title\" data-id=\"707516c\" data-element_type=\"widget\" data-widget_type=\"trx_sc_title.default\">\n\t\t\t\t<div class=\"elementor-widget-container\">\n\t\t\t<div\t\tclass=\"sc_title sc_title_default\" ><span class=\"sc_item_subtitle sc_title_subtitle sc_item_subtitle_above sc_item_title_style_default\">Hakk\u0131m\u0131zda<\/span><h1 class=\"sc_item_title sc_title_title sc_item_title_style_default sc_item_title_tag\"\n\t\t\t><span class=\"sc_item_title_text\">Bizi Koruyanlar\u0131 Korumak<\/span><\/h1><\/div>\t\t<\/div>\n\t\t\t\t<\/div>\n\t\t\t\t\t<\/div>\n\t\t<\/div>\n\t\t\t\t<div class=\"elementor-column elementor-col-50 elementor-top-column elementor-element elementor-element-0892789 sc_inner_width_none sc_content_align_inherit sc_layouts_column_icons_position_left sc_fly_static\" data-id=\"0892789\" data-element_type=\"column\">\n\t\t\t<div class=\"elementor-widget-wrap elementor-element-populated\">\n\t\t\t\t\t\t<div class=\"elementor-element elementor-element-1f2dc8f sc_fly_static elementor-widget elementor-widget-spacer\" data-id=\"1f2dc8f\" data-element_type=\"widget\" data-widget_type=\"spacer.default\">\n\t\t\t\t<div class=\"elementor-widget-container\">\n\t\t\t\t\t<div class=\"elementor-spacer\">\n\t\t\t<div class=\"elementor-spacer-inner\"><\/div>\n\t\t<\/div>\n\t\t\t\t<\/div>\n\t\t\t\t<\/div>\n\t\t\t\t<div class=\"elementor-element elementor-element-8de280a sc_fly_static elementor-widget elementor-widget-text-editor\" data-id=\"8de280a\" data-element_type=\"widget\" data-widget_type=\"text-editor.default\">\n\t\t\t\t<div class=\"elementor-widget-container\">\n\t\t\t<style>\/*! elementor - v3.22.0 - 26-06-2024 *\/\n.elementor-widget-text-editor.elementor-drop-cap-view-stacked .elementor-drop-cap{background-color:#69727d;color:#fff}.elementor-widget-text-editor.elementor-drop-cap-view-framed .elementor-drop-cap{color:#69727d;border:3px solid;background-color:transparent}.elementor-widget-text-editor:not(.elementor-drop-cap-view-default) .elementor-drop-cap{margin-top:8px}.elementor-widget-text-editor:not(.elementor-drop-cap-view-default) .elementor-drop-cap-letter{width:1em;height:1em}.elementor-widget-text-editor .elementor-drop-cap{float:left;text-align:center;line-height:1;font-size:50px}.elementor-widget-text-editor .elementor-drop-cap-letter{display:inline-block}<\/style>\t\t\t\t<p data-sourcepos=\"3:1-3:180\">Tomrist tek bir misyonla hareket eden bir \u015firkettir: G\u00fcvenli\u011fimiz i\u00e7in kendi hayatlar\u0131n\u0131 riske atanlar\u0131n hayatlar\u0131n\u0131 korumak. D\u00fcnyan\u0131n her yerindeki askerler, kolluk kuvvetleri ve g\u00fcvenlik personeli i\u00e7in son teknoloji kur\u015fun ge\u00e7irmez yelekler ve di\u011fer v\u00fccut z\u0131rhlar\u0131n\u0131n geli\u015ftirilmesi ve \u00fcretilmesi konusunda uzman\u0131z.<\/p>\t\t\t\t\t\t<\/div>\n\t\t\t\t<\/div>\n\t\t\t\t<div class=\"elementor-element elementor-element-f19ef37 sc_fly_static elementor-widget elementor-widget-spacer\" data-id=\"f19ef37\" data-element_type=\"widget\" data-widget_type=\"spacer.default\">\n\t\t\t\t<div class=\"elementor-widget-container\">\n\t\t\t\t\t<div class=\"elementor-spacer\">\n\t\t\t<div class=\"elementor-spacer-inner\"><\/div>\n\t\t<\/div>\n\t\t\t\t<\/div>\n\t\t\t\t<\/div>\n\t\t\t\t\t<\/div>\n\t\t<\/div>\n\t\t\t\t\t<\/div>\n\t\t<\/section>\n\t\t\t\t<section class=\"elementor-section elementor-top-section elementor-element elementor-element-c927c4a elementor-section-boxed elementor-section-height-default elementor-section-height-default sc_fly_static\" data-id=\"c927c4a\" data-element_type=\"section\">\n\t\t\t\t\t\t<div class=\"elementor-container elementor-column-gap-extended\">\n\t\t\t\t\t<div class=\"elementor-column elementor-col-100 elementor-top-column elementor-element elementor-element-3164151 sc_inner_width_none sc_content_align_inherit sc_layouts_column_icons_position_left sc_fly_static\" data-id=\"3164151\" data-element_type=\"column\">\n\t\t\t<div class=\"elementor-widget-wrap elementor-element-populated\">\n\t\t\t\t\t\t<div class=\"elementor-element elementor-element-ce9e3dc sc_height_huge sc_fly_static elementor-widget elementor-widget-spacer\" data-id=\"ce9e3dc\" data-element_type=\"widget\" data-widget_type=\"spacer.default\">\n\t\t\t\t<div class=\"elementor-widget-container\">\n\t\t\t\t\t<div class=\"elementor-spacer\">\n\t\t\t<div class=\"elementor-spacer-inner\"><\/div>\n\t\t<\/div>\n\t\t\t\t<\/div>\n\t\t\t\t<\/div>\n\t\t\t\t\t<\/div>\n\t\t<\/div>\n\t\t\t\t\t<\/div>\n\t\t<\/section>\n\t\t\t\t<section class=\"elementor-section elementor-top-section elementor-element elementor-element-6fab714 scheme_default elementor-section-boxed elementor-section-height-default elementor-section-height-default sc_fly_static\" data-id=\"6fab714\" data-element_type=\"section\" data-settings=\"{&quot;background_background&quot;:&quot;classic&quot;}\">\n\t\t\t\t\t\t<div class=\"elementor-container elementor-column-gap-default\">\n\t\t\t\t\t<div class=\"elementor-column elementor-col-100 elementor-top-column elementor-element elementor-element-6385adb sc_inner_width_none sc_content_align_inherit sc_layouts_column_icons_position_left sc_fly_static\" data-id=\"6385adb\" data-element_type=\"column\">\n\t\t\t<div class=\"elementor-widget-wrap elementor-element-populated\">\n\t\t\t\t\t\t<div class=\"elementor-element elementor-element-b771370 sc_height_small sc_layouts_hide_on_tablet sc_layouts_hide_on_mobile sc_fly_static elementor-widget elementor-widget-spacer\" data-id=\"b771370\" data-element_type=\"widget\" data-widget_type=\"spacer.default\">\n\t\t\t\t<div class=\"elementor-widget-container\">\n\t\t\t\t\t<div class=\"elementor-spacer\">\n\t\t\t<div class=\"elementor-spacer-inner\"><\/div>\n\t\t<\/div>\n\t\t\t\t<\/div>\n\t\t\t\t<\/div>\n\t\t\t\t<section class=\"elementor-section elementor-inner-section elementor-element elementor-element-d778e85 elementor-section-boxed elementor-section-height-default elementor-section-height-default sc_fly_static\" data-id=\"d778e85\" data-element_type=\"section\">\n\t\t\t\t\t\t<div class=\"elementor-container elementor-column-gap-no\">\n\t\t\t\t\t<div class=\"elementor-column elementor-col-33 elementor-inner-column elementor-element elementor-element-9ef0e6f sc_inner_width_none sc_content_align_inherit sc_layouts_column_icons_position_left sc_fly_static\" data-id=\"9ef0e6f\" data-element_type=\"column\">\n\t\t\t<div class=\"elementor-widget-wrap elementor-element-populated\">\n\t\t\t\t\t\t<div class=\"elementor-element elementor-element-55a47b4 sc_fly_static elementor-widget elementor-widget-text-editor\" data-id=\"55a47b4\" data-element_type=\"widget\" data-widget_type=\"text-editor.default\">\n\t\t\t\t<div class=\"elementor-widget-container\">\n\t\t\t\t\t\t\t<p data-sourcepos=\"36:1-36:178\">Bunun size Tomrist ve bizi koruyanlar\u0131 korumaya olan ba\u011fl\u0131l\u0131\u011f\u0131 hakk\u0131nda kapsaml\u0131 bir genel bak\u0131\u015f sunaca\u011f\u0131n\u0131 umuyoruz. Ba\u015fka sorular\u0131n\u0131z varsa l\u00fctfen sormaya \u00e7ekinmeyin.<\/p><p data-sourcepos=\"32:1-32:364\">Kur\u015fun ge\u00e7irmez yeleklerin gelece\u011fi s\u00fcrekli geli\u015fiyor ve Tomrist bu heyecan verici yolculu\u011fun \u00f6n saflar\u0131nda yer al\u0131yor. Kullan\u0131c\u0131lar\u0131m\u0131za daha fazla koruma ve konfor sa\u011flamak i\u00e7in aktif olarak yeni malzemeler, teknolojiler ve tasar\u0131mlar ara\u015ft\u0131r\u0131yor ve geli\u015ftiriyoruz. Nihai hedefimiz, hi\u00e7bir askerin veya subay\u0131n bir daha hayat\u0131ndan korkmak zorunda kalmayaca\u011f\u0131 bir d\u00fcnya yaratmakt\u0131r.<\/p>\t\t\t\t\t\t<\/div>\n\t\t\t\t<\/div>\n\t\t\t\t<div class=\"elementor-element elementor-element-066a853 sc_fly_static elementor-widget elementor-widget-image\" data-id=\"066a853\" data-element_type=\"widget\" data-widget_type=\"image.default\">\n\t\t\t\t<div class=\"elementor-widget-container\">\n\t\t\t<style>\/*! elementor - v3.22.0 - 26-06-2024 *\/\n.elementor-widget-image{text-align:center}.elementor-widget-image a{display:inline-block}.elementor-widget-image a img[src$=\".svg\"]{width:48px}.elementor-widget-image img{vertical-align:middle;display:inline-block}<\/style>\t\t\t\t\t\t\t\t\t\t<img decoding=\"async\" width=\"150\" height=\"150\" src=\"https:\/\/www.tomrist.com\/tr\/wp-content\/uploads\/2023\/12\/500-tomrist-150x150.png\" class=\"attachment-thumbnail size-thumbnail wp-image-20663\" alt=\"\" srcset=\"https:\/\/www.tomrist.com\/tr\/wp-content\/uploads\/2023\/12\/500-tomrist-150x150.png 150w, https:\/\/www.tomrist.com\/tr\/wp-content\/uploads\/2023\/12\/500-tomrist-300x300.png 300w, https:\/\/www.tomrist.com\/tr\/wp-content\/uploads\/2023\/12\/500-tomrist-120x120.png 120w, https:\/\/www.tomrist.com\/tr\/wp-content\/uploads\/2023\/12\/500-tomrist-370x370.png 370w\" sizes=\"(max-width: 150px) 100vw, 150px\" \/>\t\t\t\t\t\t\t\t\t\t\t\t\t<\/div>\n\t\t\t\t<\/div>\n\t\t\t\t<div class=\"elementor-element elementor-element-edb2825 sc_height_small sc_layouts_hide_on_tablet sc_layouts_hide_on_mobile sc_fly_static elementor-widget elementor-widget-spacer\" data-id=\"edb2825\" data-element_type=\"widget\" data-widget_type=\"spacer.default\">\n\t\t\t\t<div class=\"elementor-widget-container\">\n\t\t\t\t\t<div class=\"elementor-spacer\">\n\t\t\t<div class=\"elementor-spacer-inner\"><\/div>\n\t\t<\/div>\n\t\t\t\t<\/div>\n\t\t\t\t<\/div>\n\t\t\t\t<div class=\"elementor-element elementor-element-baf2902 sc_fly_static elementor-widget elementor-widget-spacer\" data-id=\"baf2902\" data-element_type=\"widget\" data-widget_type=\"spacer.default\">\n\t\t\t\t<div class=\"elementor-widget-container\">\n\t\t\t\t\t<div class=\"elementor-spacer\">\n\t\t\t<div class=\"elementor-spacer-inner\"><\/div>\n\t\t<\/div>\n\t\t\t\t<\/div>\n\t\t\t\t<\/div>\n\t\t\t\t\t<\/div>\n\t\t<\/div>\n\t\t\t\t<div class=\"elementor-column elementor-col-33 elementor-inner-column elementor-element elementor-element-546874b sc_inner_width_none sc_content_align_inherit sc_layouts_column_icons_position_left sc_fly_static\" data-id=\"546874b\" data-element_type=\"column\">\n\t\t\t<div class=\"elementor-widget-wrap elementor-element-populated\">\n\t\t\t\t\t\t<div class=\"elementor-element elementor-element-16121a2 sc_fly_static elementor-widget elementor-widget-text-editor\" data-id=\"16121a2\" data-element_type=\"widget\" data-widget_type=\"text-editor.default\">\n\t\t\t\t<div class=\"elementor-widget-container\">\n\t\t\t\t\t\t\t<p><span class=\"trx_addons_dropcap trx_addons_dropcap_style_2\">AT<\/span><\/p><p data-sourcepos=\"11:1-11:406\">Tomrist, bir askerin s\u0131rt\u0131ndaki her gram a\u011f\u0131rl\u0131\u011f\u0131n ve her milimetre kal\u0131nl\u0131\u011f\u0131n\u0131n bir fark yaratabilece\u011fini biliyoruz. Bu nedenle birinci s\u0131n\u0131f malzemeler ve titiz \u00fcretim s\u00fcre\u00e7leri aray\u0131\u015f\u0131m\u0131zda aral\u0131ks\u0131z \u00e7al\u0131\u015f\u0131yoruz. Yeleklerimiz, en kat\u0131 uluslararas\u0131 balistik standartlar\u0131 kar\u015f\u0131lamak ve a\u015fmak i\u00e7in s\u0131k\u0131 testlere tabi tutulmakta ve kullan\u0131c\u0131lar\u0131m\u0131z i\u00e7in en y\u00fcksek d\u00fczeyde koruma sa\u011flanmaktad\u0131r.<\/p>\t\t\t\t\t\t<\/div>\n\t\t\t\t<\/div>\n\t\t\t\t\t<\/div>\n\t\t<\/div>\n\t\t\t\t<div class=\"elementor-column elementor-col-33 elementor-inner-column elementor-element elementor-element-795d3c5 sc_inner_width_none sc_content_align_inherit sc_layouts_column_icons_position_left sc_fly_static\" data-id=\"795d3c5\" data-element_type=\"column\">\n\t\t\t<div class=\"elementor-widget-wrap elementor-element-populated\">\n\t\t\t\t\t\t<div class=\"elementor-element elementor-element-aa8576d sc_fly_static elementor-widget elementor-widget-text-editor\" data-id=\"aa8576d\" data-element_type=\"widget\" data-widget_type=\"text-editor.default\">\n\t\t\t\t<div class=\"elementor-widget-container\">\n\t\t\t\t\t\t\t<p data-sourcepos=\"11:1-11:406\"><strong>2018&#8217;de kurulan Tomrist<\/strong>, v\u00fccut z\u0131rh\u0131 teknolojisinde \u00f6nc\u00fc geli\u015fmelere sahip zengin bir ge\u00e7mi\u015fe sahiptir. Kendini i\u015fine adam\u0131\u015f m\u00fchendis ve ara\u015ft\u0131rmac\u0131lardan olu\u015fan ekibimiz, s\u00fcrekli olarak yenili\u011fin s\u0131n\u0131rlar\u0131n\u0131 zorluyor, hareket kabiliyetinden \u00f6d\u00fcn vermeden \u00fcst\u00fcn koruma sunan daha hafif, daha g\u00fc\u00e7l\u00fc ve daha konforlu yelekler geli\u015ftiriyor.<\/p>\t\t\t\t\t\t<\/div>\n\t\t\t\t<\/div>\n\t\t\t\t\t<\/div>\n\t\t<\/div>\n\t\t\t\t\t<\/div>\n\t\t<\/section>\n\t\t\t\t<div class=\"elementor-element elementor-element-fb2e260 sc_height_huge sc_fly_static elementor-widget elementor-widget-spacer\" data-id=\"fb2e260\" data-element_type=\"widget\" data-widget_type=\"spacer.default\">\n\t\t\t\t<div class=\"elementor-widget-container\">\n\t\t\t\t\t<div class=\"elementor-spacer\">\n\t\t\t<div class=\"elementor-spacer-inner\"><\/div>\n\t\t<\/div>\n\t\t\t\t<\/div>\n\t\t\t\t<\/div>\n\t\t\t\t\t<\/div>\n\t\t<\/div>\n\t\t\t\t\t<\/div>\n\t\t<\/section>\n\t\t\t\t<section class=\"elementor-section elementor-top-section elementor-element elementor-element-9a0d097 elementor-section-boxed elementor-section-height-default elementor-section-height-default sc_fly_static\" data-id=\"9a0d097\" data-element_type=\"section\">\n\t\t\t\t\t\t<div class=\"elementor-container elementor-column-gap-extended\">\n\t\t\t\t\t<div class=\"elementor-column elementor-col-100 elementor-top-column elementor-element elementor-element-d58f464 sc_content_align_left sc_layouts_column_align_left sc_layouts_column sc_inner_width_none sc_layouts_column_icons_position_left sc_fly_static\" data-id=\"d58f464\" data-element_type=\"column\">\n\t\t\t<div class=\"elementor-widget-wrap elementor-element-populated\">\n\t\t\t\t\t\t<div class=\"elementor-element elementor-element-f6a06cd sc_height_large sc_fly_static elementor-widget elementor-widget-spacer\" data-id=\"f6a06cd\" data-element_type=\"widget\" data-widget_type=\"spacer.default\">\n\t\t\t\t<div class=\"elementor-widget-container\">\n\t\t\t\t\t<div class=\"elementor-spacer\">\n\t\t\t<div class=\"elementor-spacer-inner\"><\/div>\n\t\t<\/div>\n\t\t\t\t<\/div>\n\t\t\t\t<\/div>\n\t\t\t\t<div class=\"elementor-element elementor-element-a41976c sc_fly_static elementor-widget elementor-widget-trx_widget_slider\" data-id=\"a41976c\" data-element_type=\"widget\" data-widget_type=\"trx_widget_slider.default\">\n\t\t\t\t<div class=\"elementor-widget-container\">\n\t\t\t<div class=\"widget_area sc_widget_slider\"><aside class=\"widget widget_slider\">\t\t\t<div class=\"slider_wrap slider_engine_swiper\">\n\t\t\t\t<div class=\"slider_outer slider_swiper_outer slider_style_default slider_source_custom slider_outer_direction_horizontal slider_outer_multi slider_outer_nopagination slider_outer_nocontrols slider_outer_nocentered slider_outer_overflow_visible slider_outer_notitles slider_outer_height_auto\"><div class=\"slider_container slider_swiper swiper-slider-container slider_direction_horizontal slider_nopagination slider_multi slider_type_images slider_nocontrols slider_nocentered slider_overflow_visible slider_notitles slider_noresize slider_swipe slider_height_auto\" data-interval=\"7000\" data-speed=\"600\" data-effect=\"slide\" data-pagination=\"bullets\" data-direction=\"horizontal\" data-slides-per-view=\"3\" data-slides-space=\"60\" data-slides-parallax=\"0\" data-slides-centered=\"0\" data-slides-overflow=\"1\" data-mouse-wheel=\"0\" data-autoplay=\"1\" data-loop=\"1\" data-free-mode=\"0\" data-slides-min-width=\"220\"><div class=\"slider-wrapper swiper-wrapper\"><div  class=\"slider-slide swiper-slide\" data-image=\"\/\/www.tomrist.com\/tr\/wp-content\/uploads\/2020\/04\/image-33.jpg\" style=\"\"><img decoding=\"async\" src=\"\/\/www.tomrist.com\/tr\/wp-content\/uploads\/2020\/04\/image-33.jpg\" alt=\"\"><\/div><div  class=\"slider-slide swiper-slide\" data-image=\"\/\/www.tomrist.com\/tr\/wp-content\/uploads\/2022\/04\/image-35.jpg\" style=\"\"><img decoding=\"async\" src=\"\/\/www.tomrist.com\/tr\/wp-content\/uploads\/2022\/04\/image-35.jpg\" alt=\"\"><\/div><div  class=\"slider-slide swiper-slide\" data-image=\"\/\/www.tomrist.com\/tr\/wp-content\/uploads\/2022\/04\/image-41.jpg\" style=\"\"><img decoding=\"async\" src=\"\/\/www.tomrist.com\/tr\/wp-content\/uploads\/2022\/04\/image-41.jpg\" alt=\"\"><\/div><div  class=\"slider-slide swiper-slide\" data-image=\"\/\/www.tomrist.com\/tr\/wp-content\/uploads\/2020\/04\/image-22.jpg\" style=\"\"><img decoding=\"async\" src=\"\/\/www.tomrist.com\/tr\/wp-content\/uploads\/2020\/04\/image-22.jpg\" alt=\"\"><\/div><div  class=\"slider-slide swiper-slide\" data-image=\"\/\/www.tomrist.com\/tr\/wp-content\/uploads\/2020\/04\/image-38.jpg\" style=\"\"><img decoding=\"async\" src=\"\/\/www.tomrist.com\/tr\/wp-content\/uploads\/2020\/04\/image-38.jpg\" alt=\"\"><\/div><div  class=\"slider-slide swiper-slide\" data-image=\"\/\/www.tomrist.com\/tr\/wp-content\/uploads\/2020\/04\/image-23.jpg\" style=\"\"><img decoding=\"async\" src=\"\/\/www.tomrist.com\/tr\/wp-content\/uploads\/2020\/04\/image-23.jpg\" alt=\"\"><\/div><\/div><\/div><\/div>\t\t\t<\/div>\n\t\t\t<\/aside><\/div>\t\t<\/div>\n\t\t\t\t<\/div>\n\t\t\t\t\t<\/div>\n\t\t<\/div>\n\t\t\t\t\t<\/div>\n\t\t<\/section>\n\t\t\t\t<section class=\"elementor-section elementor-top-section elementor-element elementor-element-5c84cf5 scheme_default elementor-section-boxed elementor-section-height-default elementor-section-height-default sc_fly_static\" data-id=\"5c84cf5\" data-element_type=\"section\" data-settings=\"{&quot;background_background&quot;:&quot;classic&quot;}\">\n\t\t\t\t\t\t<div class=\"elementor-container elementor-column-gap-extended\">\n\t\t\t\t\t<div class=\"elementor-column elementor-col-100 elementor-top-column elementor-element elementor-element-b0f931e sc_inner_width_none sc_content_align_inherit sc_layouts_column_icons_position_left sc_fly_static\" data-id=\"b0f931e\" data-element_type=\"column\">\n\t\t\t<div class=\"elementor-widget-wrap elementor-element-populated\">\n\t\t\t\t\t\t<div class=\"elementor-element elementor-element-83ee13a sc_fly_static elementor-widget elementor-widget-spacer\" data-id=\"83ee13a\" data-element_type=\"widget\" data-widget_type=\"spacer.default\">\n\t\t\t\t<div class=\"elementor-widget-container\">\n\t\t\t\t\t<div class=\"elementor-spacer\">\n\t\t\t<div class=\"elementor-spacer-inner\"><\/div>\n\t\t<\/div>\n\t\t\t\t<\/div>\n\t\t\t\t<\/div>\n\t\t\t\t<div class=\"elementor-element elementor-element-0b478a5 sc_fly_static elementor-widget elementor-widget-trx_sc_icons\" data-id=\"0b478a5\" data-element_type=\"widget\" data-widget_type=\"trx_sc_icons.default\">\n\t\t\t\t<div class=\"elementor-widget-container\">\n\t\t\t<div \tclass=\"sc_icons color_style_dark sc_icons_divider4 sc_icons_size_medium sc_align_none\" ><div class=\"sc_icons_columns_wrap sc_item_columns trx_addons_columns_wrap columns_padding_bottom columns_in_single_row\" ><div class=\"trx_addons_column-1_4 trx_addons_column-1_2-tablet trx_addons_column-1_2-mobile\"><div class=\"sc_icons_item\"><div class=\"sc_icons_icon sc_icon_type_ icon-shop-1\" ><span class=\"sc_icon_type_ icon-shop-1\"><\/span><\/div><div class=\"sc_icons_item_details\"><h4 class=\"sc_icons_item_title\"><span>Kasklar:<\/span><\/h4><div class=\"sc_icons_item_description\"><span>\u015earapnel ve mermilere kar\u015f\u0131 koruma sa\u011flamak \u00fczere tasarlanm\u0131\u015f balistik kasklar.<\/span><\/div><\/div><\/div><\/div><div class=\"trx_addons_column-1_4 trx_addons_column-1_2-tablet trx_addons_column-1_2-mobile\"><div class=\"sc_icons_item\"><div class=\"sc_icons_icon sc_icon_type_ icon-tracking\" ><span class=\"sc_icon_type_ icon-tracking\"><\/span><\/div><div class=\"sc_icons_item_details\"><h4 class=\"sc_icons_item_title\"><span>Plaka ta\u015f\u0131y\u0131c\u0131lar\u0131:<\/span><\/h4><div class=\"sc_icons_item_description\"><span>G\u00f6rev ve tehdit seviyesine g\u00f6re \u00f6zelle\u015ftirilebilir koruma sa\u011flayan mod\u00fcler sistemler.<\/span><\/div><\/div><\/div><\/div><div class=\"trx_addons_column-1_4 trx_addons_column-1_2-tablet trx_addons_column-1_2-mobile\"><div class=\"sc_icons_item\"><div class=\"sc_icons_icon sc_icon_type_ icon-shopping-cart-1\" ><span class=\"sc_icon_type_ icon-shopping-cart-1\"><\/span><\/div><div class=\"sc_icons_item_details\"><h4 class=\"sc_icons_item_title\"><span>Balistik uzuvlar:<\/span><\/h4><div class=\"sc_icons_item_description\"><span>Kollar ve bacaklar i\u00e7in hafif ve esnek koruma.<\/span><\/div><\/div><\/div><\/div><div class=\"trx_addons_column-1_4 trx_addons_column-1_2-tablet trx_addons_column-1_2-mobile\"><div class=\"sc_icons_item\"><div class=\"sc_icons_icon sc_icon_type_ icon-feedback\" ><span class=\"sc_icon_type_ icon-feedback\"><\/span><\/div><div class=\"sc_icons_item_details\"><h4 class=\"sc_icons_item_title\"><span>Sava\u015f k\u0131yafetleri:<\/span><\/h4><div class=\"sc_icons_item_description\"><span>Zorlu ortamlarda hayatta kalma kabiliyetini art\u0131rmak i\u00e7in alev geciktirici ve y\u0131rt\u0131lmaya kar\u015f\u0131 dayan\u0131kl\u0131 giysiler.<\/span><\/div><\/div><\/div><\/div><\/div><\/div><!-- \/.sc_icons -->\t\t<\/div>\n\t\t\t\t<\/div>\n\t\t\t\t<div class=\"elementor-element elementor-element-d090f62 sc_fly_static elementor-widget elementor-widget-spacer\" data-id=\"d090f62\" data-element_type=\"widget\" data-widget_type=\"spacer.default\">\n\t\t\t\t<div class=\"elementor-widget-container\">\n\t\t\t\t\t<div class=\"elementor-spacer\">\n\t\t\t<div class=\"elementor-spacer-inner\"><\/div>\n\t\t<\/div>\n\t\t\t\t<\/div>\n\t\t\t\t<\/div>\n\t\t\t\t\t<\/div>\n\t\t<\/div>\n\t\t\t\t\t<\/div>\n\t\t<\/section>\n\t\t\t\t<\/div>\n\t\t","protected":false},"excerpt":{"rendered":"<p>Hakk\u0131m\u0131zda Bizi Koruyanlar\u0131 Korumak Tomrist tek bir misyonla hareket eden bir \u015firkettir: G\u00fcvenli\u011fimiz i\u00e7in kendi hayatlar\u0131n\u0131 riske atanlar\u0131n hayatlar\u0131n\u0131 korumak. D\u00fcnyan\u0131n her yerindeki askerler, kolluk kuvvetleri ve g\u00fcvenlik personeli i\u00e7in&hellip;<\/p>\n","protected":false},"author":1,"featured_media":0,"parent":0,"menu_order":0,"comment_status":"closed","ping_status":"closed","template":"","meta":{"footnotes":""},"_links":{"self":[{"href":"https:\/\/www.tomrist.com\/tr\/wp-json\/wp\/v2\/pages\/18555"}],"collection":[{"href":"https:\/\/www.tomrist.com\/tr\/wp-json\/wp\/v2\/pages"}],"about":[{"href":"https:\/\/www.tomrist.com\/tr\/wp-json\/wp\/v2\/types\/page"}],"author":[{"embeddable":true,"href":"https:\/\/www.tomrist.com\/tr\/wp-json\/wp\/v2\/users\/1"}],"replies":[{"embeddable":true,"href":"https:\/\/www.tomrist.com\/tr\/wp-json\/wp\/v2\/comments?post=18555"}],"version-history":[{"count":24,"href":"https:\/\/www.tomrist.com\/tr\/wp-json\/wp\/v2\/pages\/18555\/revisions"}],"predecessor-version":[{"id":20844,"href":"https:\/\/www.tomrist.com\/tr\/wp-json\/wp\/v2\/pages\/18555\/revisions\/20844"}],"wp:attachment":[{"href":"https:\/\/www.tomrist.com\/tr\/wp-json\/wp\/v2\/media?parent=18555"}],"curies":[{"name":"wp","href":"https:\/\/api.w.org\/{rel}","templated":true}]}}