{"id":20864,"date":"2023-12-22T12:19:41","date_gmt":"2023-12-22T12:19:41","guid":{"rendered":"https:\/\/www.tomrist.com\/tr\/?post_type=product&#038;p=20864"},"modified":"2023-12-22T12:29:07","modified_gmt":"2023-12-22T12:29:07","slug":"bulletproof-helmet-mich2000-khaki-color-without-rails","status":"publish","type":"product","link":"https:\/\/www.tomrist.com\/tr\/product\/bulletproof-helmet-mich2000-khaki-color-without-rails\/","title":{"rendered":"Kur\u015fun Ge\u00e7irmez Kask MICH2000 Haki Rengi Rays\u0131z"},"content":{"rendered":"<div class=\"woocommerce-tabs wc-tabs-wrapper\">\n<div id=\"tab-description\" class=\"woocommerce-Tabs-panel woocommerce-Tabs-panel--description panel entry-content wc-tab\" role=\"tabpanel\" aria-labelledby=\"tab-title-description\">\n<p>Polis Kask\u0131 i\u00e7in \u00c7abuk \u00c7\u0131kar\u0131labilen \u00c7ok Fonksiyonlu Kur\u015fun Ge\u00e7irmez Yelek, ACH ve MICH kasklar\u0131n\u0131n kula\u011f\u0131n \u00fcst\u00fcne \u00e7\u0131kan y\u00fcksek kesimli tasar\u0131m\u0131yla hafif bir versiyonudur. Hafifli\u011fi ve kask kabu\u011fu ile kulakl\u0131klar aras\u0131nda daha az \u00e7arp\u0131\u015fmaya neden olmas\u0131 nedeniyle \u00d6zel Kuvvetlerin tercih etti\u011fi kaskt\u0131r. Naylon c\u0131rt c\u0131rtl\u0131 arkal\u0131kl\u0131 y\u00fcksek kaliteli dolgumuz uzun s\u00fcreli kullan\u0131m\u0131 kolayla\u015ft\u0131r\u0131r.<\/p>\n<\/div>\n<\/div>\n","protected":false},"excerpt":{"rendered":"<p>E kar\u015f\u0131 korunma<br \/>\n&gt; 9mm FMJ, 124gr<br \/>\n&gt; 44 MAG SJHP, 240gr<br \/>\n\u2022 Ola\u011fan\u00fcst\u00fc konfor ve maksimum g\u00fcr\u00fclt\u00fc azalt\u0131m\u0131 i\u00e7in i\u00e7 ped sistemi.<br \/>\n(7 adet c\u0131rt c\u0131rtl\u0131 s\u00fcnger dolgu)<br \/>\n\u2022 Daha iyi g\u00f6r\u00fc\u015f alan\u0131 i\u00e7in kenarl\u0131k yoktur.<br \/>\n\u2022 En iyi uyum i\u00e7in ayarlanabilir ask\u0131 ask\u0131lar\u0131 ve \u00e7ene\/boyun yast\u0131\u011f\u0131<br \/>\n\u2022 Kolluk Kuvvetleri, Askeri ve \u00d6zel G\u00fcvenlik Y\u00fcklenicileri i\u00e7in \u0130deal Balistik Kasklar Sunar.<\/p>\n","protected":false},"featured_media":20865,"comment_status":"open","ping_status":"closed","template":"","meta":[],"product_cat":[196],"product_tag":[],"_links":{"self":[{"href":"https:\/\/www.tomrist.com\/tr\/wp-json\/wp\/v2\/product\/20864"}],"collection":[{"href":"https:\/\/www.tomrist.com\/tr\/wp-json\/wp\/v2\/product"}],"about":[{"href":"https:\/\/www.tomrist.com\/tr\/wp-json\/wp\/v2\/types\/product"}],"replies":[{"embeddable":true,"href":"https:\/\/www.tomrist.com\/tr\/wp-json\/wp\/v2\/comments?post=20864"}],"wp:featuredmedia":[{"embeddable":true,"href":"https:\/\/www.tomrist.com\/tr\/wp-json\/wp\/v2\/media\/20865"}],"wp:attachment":[{"href":"https:\/\/www.tomrist.com\/tr\/wp-json\/wp\/v2\/media?parent=20864"}],"wp:term":[{"taxonomy":"product_cat","embeddable":true,"href":"https:\/\/www.tomrist.com\/tr\/wp-json\/wp\/v2\/product_cat?post=20864"},{"taxonomy":"product_tag","embeddable":true,"href":"https:\/\/www.tomrist.com\/tr\/wp-json\/wp\/v2\/product_tag?post=20864"}],"curies":[{"name":"wp","href":"https:\/\/api.w.org\/{rel}","templated":true}]}}