{"id":20866,"date":"2023-12-22T12:20:51","date_gmt":"2023-12-22T12:20:51","guid":{"rendered":"https:\/\/www.tomrist.com\/tr\/?post_type=product&#038;p=20866"},"modified":"2026-05-15T04:27:11","modified_gmt":"2026-05-15T04:27:11","slug":"ballistic-guide-tactical-gear-mich-middle-cut-bulletproof-helmet","status":"publish","type":"product","link":"https:\/\/www.tomrist.com\/tr\/product\/ballistic-guide-tactical-gear-mich-middle-cut-bulletproof-helmet\/","title":{"rendered":"Balistik K\u0131lavuz Taktik Di\u015fli MICH Orta kesim kur\u015fun ge\u00e7irmez Kask"},"content":{"rendered":"<p>Model numaras\u0131:\u00a0BH2469-1<br \/>\nMalzeme: Aramid<br \/>\nBirim a\u011f\u0131rl\u0131\u011f\u0131: \u22641,55KG<br \/>\nKoruma alan\u0131: 0,13m^2<br \/>\nKal\u0131nl\u0131k: 6,7-7,0 mm<br \/>\nBalistik Seviye: NIJ IIIA(9mm),NIJ IIIA(.44mm)<br \/>\nAksesuar: \u00e7ene kay\u0131\u015f\u0131, ask\u0131 sistemi ve ped<br \/>\nGaranti: 5 y\u0131l<br \/>\n\u00dcr\u00fcn \u00f6zelli\u011fi:<br \/>\n\u2022 E kar\u015f\u0131 korunma:<br \/>\n&gt; 9mm FMJ, 124gr<br \/>\n&gt; 44 MAG SJHP, 240gr<br \/>\n\u2022 Ola\u011fan\u00fcst\u00fc konfor ve maksimum g\u00fcr\u00fclt\u00fc azalt\u0131m\u0131 i\u00e7in i\u00e7 ped sistemi. (7 adet c\u0131rt c\u0131rtl\u0131 s\u00fcnger dolgu)<br \/>\n\u2022 Daha iyi g\u00f6r\u00fc\u015f alan\u0131 i\u00e7in kenarl\u0131k yoktur.<br \/>\n\u2022 En iyi uyum i\u00e7in ayarlanabilir ask\u0131 ask\u0131lar\u0131 ve \u00e7ene\/boyun yast\u0131\u011f\u0131<br \/>\n\u2022 Enjeksiyon Kal\u0131pl\u0131 Yan Raylar. Aksesuar ray\u0131 konnekt\u00f6rleri, el feneri, kamera, viz\u00f6r vb. gibi h\u0131zl\u0131 takma veya \u00e7\u0131karma i\u00e7in ba\u011flant\u0131 noktalar\u0131 sa\u011flar.<br \/>\n\u2022 Panelleri etraf\u0131na dolay\u0131n, yama eklentisi ile kask\u0131n\u0131z\u0131 benzersiz hale getirmek i\u00e7in ekstra yer sa\u011flar<br \/>\n\u2022 Kolluk Kuvvetleri, Askeri ve \u00d6zel G\u00fcvenlik Y\u00fcklenicileri i\u00e7in \u0130deal Balistik Kasklar Sunar.<\/p>\n","protected":false},"excerpt":{"rendered":"<p>E kar\u015f\u0131 korunma:<br \/>\n&gt; 9mm FMJ, 124gr<br \/>\n&gt; 44 MAG SJHP, 240gr<br \/>\n\u2022 Ola\u011fan\u00fcst\u00fc konfor ve maksimum g\u00fcr\u00fclt\u00fc azalt\u0131m\u0131 i\u00e7in i\u00e7 ped sistemi. (7 adet c\u0131rt c\u0131rtl\u0131 s\u00fcnger dolgu)<br \/>\n\u2022 Daha iyi g\u00f6r\u00fc\u015f alan\u0131 i\u00e7in kenarl\u0131k yoktur.<br \/>\n\u2022 En iyi uyum i\u00e7in ayarlanabilir ask\u0131 ask\u0131lar\u0131 ve \u00e7ene\/boyun yast\u0131\u011f\u0131<br \/>\n\u2022 Enjeksiyon Kal\u0131pl\u0131 Yan Raylar. Aksesuar ray\u0131 konnekt\u00f6rleri, el feneri, kamera, viz\u00f6r vb. gibi h\u0131zl\u0131 takma veya \u00e7\u0131karma i\u00e7in ba\u011flant\u0131 noktalar\u0131 sa\u011flar.<br \/>\n\u2022 Panelleri etraf\u0131na dolay\u0131n, yama eklentisi ile kask\u0131n\u0131z\u0131 benzersiz hale getirmek i\u00e7in ekstra alan sa\u011flay\u0131n<br \/>\n\u2022 Kolluk Kuvvetleri, Askeri ve \u00d6zel G\u00fcvenlik Y\u00fcklenicileri i\u00e7in \u0130deal Balistik Kasklar Sunar.<\/p>\n","protected":false},"featured_media":20867,"comment_status":"open","ping_status":"closed","template":"","meta":[],"product_cat":[196],"product_tag":[],"_links":{"self":[{"href":"https:\/\/www.tomrist.com\/tr\/wp-json\/wp\/v2\/product\/20866"}],"collection":[{"href":"https:\/\/www.tomrist.com\/tr\/wp-json\/wp\/v2\/product"}],"about":[{"href":"https:\/\/www.tomrist.com\/tr\/wp-json\/wp\/v2\/types\/product"}],"replies":[{"embeddable":true,"href":"https:\/\/www.tomrist.com\/tr\/wp-json\/wp\/v2\/comments?post=20866"}],"wp:featuredmedia":[{"embeddable":true,"href":"https:\/\/www.tomrist.com\/tr\/wp-json\/wp\/v2\/media\/20867"}],"wp:attachment":[{"href":"https:\/\/www.tomrist.com\/tr\/wp-json\/wp\/v2\/media?parent=20866"}],"wp:term":[{"taxonomy":"product_cat","embeddable":true,"href":"https:\/\/www.tomrist.com\/tr\/wp-json\/wp\/v2\/product_cat?post=20866"},{"taxonomy":"product_tag","embeddable":true,"href":"https:\/\/www.tomrist.com\/tr\/wp-json\/wp\/v2\/product_tag?post=20866"}],"curies":[{"name":"wp","href":"https:\/\/api.w.org\/{rel}","templated":true}]}}