{"id":20871,"date":"2023-12-22T12:23:21","date_gmt":"2023-12-22T12:23:21","guid":{"rendered":"https:\/\/www.tomrist.com\/tr\/?post_type=product&#038;p=20871"},"modified":"2023-12-22T12:29:31","modified_gmt":"2023-12-22T12:29:31","slug":"frog-clothes-top-frog-clothing-short-sleeved-clothing","status":"publish","type":"product","link":"https:\/\/www.tomrist.com\/tr\/product\/frog-clothes-top-frog-clothing-short-sleeved-clothing\/","title":{"rendered":"Kurba\u011fa k\u0131yafetleri \u00fcst kurba\u011fa k\u0131yafetleri k\u0131sa kollu k\u0131yafetler"},"content":{"rendered":"<p>Model numaras\u0131:\u00a0XL063<br \/>\n\u00dcr\u00fcn \u00d6zellikleri:<br \/>\nKuma\u015f malzemesi: \u0131zgara kuma\u015f + polyester elyaf<br \/>\nRenk: CP kamuflaj\u0131, karanl\u0131k gece kamuflaj\u0131, siyah, siyah piton deseni<br \/>\nBeden: S, M, L, XL, XXL, XXXL<\/p>\n<p>\u00d6zellik<br \/>\n1. Sadece yak\u0131n de\u011fil ayn\u0131 zamanda modaya uygun kaliteli kuma\u015flar\u0131 se\u00e7in<br \/>\n2. Y\u00fcksek kaliteli kuma\u015flar, ter emilimi ve nefes alabilirlik, y\u00fcksek elastikiyet, g\u00fc\u00e7l\u00fc k\u0131r\u0131\u015f\u0131kl\u0131k \u00f6nleme yetene\u011fi, a\u015f\u0131nma direnci direnci kullanma<br \/>\n3. Kuma\u015f yumu\u015fak ve yumu\u015fakt\u0131r, cilde zarar vermez, ter emici ve nefes alabilir, havas\u0131z de\u011fildir, uygun fiyatl\u0131 de\u011fildir, anti-statiktir<br \/>\n4. Su yal\u0131t\u0131m teknolojisi, polyester pamuklu \u0131zgara kuma\u015f\u0131n y\u00fczeyi suyu reddetme teknolojisine sahiptir ve d\u0131\u015f hava ko\u015fullar\u0131yla kolayca ba\u015fa \u00e7\u0131kabilir<br \/>\n5. a\u015f\u0131nmaya dayan\u0131kl\u0131 \u0131zgara kuma\u015f, a\u015f\u0131nma direnci, \u00e7izilmeye kar\u015f\u0131 dayan\u0131kl\u0131 y\u0131rt\u0131lma<\/p>\n","protected":false},"excerpt":{"rendered":"<div class=\"imageContainer ne\">\n<p>Kuma\u015f malzemesi: \u0131zgara kuma\u015f + polyester elyaf<\/p>\n<p>Renk: CP kamuflaj\u0131, karanl\u0131k gece kamuflaj\u0131, siyah, siyah piton deseni<\/p>\n<p>Beden: S, M, L, XL, XXL, XXXL<\/p>\n<\/div>\n","protected":false},"featured_media":20872,"comment_status":"open","ping_status":"closed","template":"","meta":[],"product_cat":[193],"product_tag":[],"_links":{"self":[{"href":"https:\/\/www.tomrist.com\/tr\/wp-json\/wp\/v2\/product\/20871"}],"collection":[{"href":"https:\/\/www.tomrist.com\/tr\/wp-json\/wp\/v2\/product"}],"about":[{"href":"https:\/\/www.tomrist.com\/tr\/wp-json\/wp\/v2\/types\/product"}],"replies":[{"embeddable":true,"href":"https:\/\/www.tomrist.com\/tr\/wp-json\/wp\/v2\/comments?post=20871"}],"wp:featuredmedia":[{"embeddable":true,"href":"https:\/\/www.tomrist.com\/tr\/wp-json\/wp\/v2\/media\/20872"}],"wp:attachment":[{"href":"https:\/\/www.tomrist.com\/tr\/wp-json\/wp\/v2\/media?parent=20871"}],"wp:term":[{"taxonomy":"product_cat","embeddable":true,"href":"https:\/\/www.tomrist.com\/tr\/wp-json\/wp\/v2\/product_cat?post=20871"},{"taxonomy":"product_tag","embeddable":true,"href":"https:\/\/www.tomrist.com\/tr\/wp-json\/wp\/v2\/product_tag?post=20871"}],"curies":[{"name":"wp","href":"https:\/\/api.w.org\/{rel}","templated":true}]}}