{"id":20873,"date":"2023-12-22T12:24:07","date_gmt":"2023-12-22T12:24:07","guid":{"rendered":"https:\/\/www.tomrist.com\/tr\/?post_type=product&#038;p=20873"},"modified":"2023-12-22T12:31:51","modified_gmt":"2023-12-22T12:31:51","slug":"large-capacity-600d-waterproof-oxford-fabric-military-tactical-backpack-for-hunting","status":"publish","type":"product","link":"https:\/\/www.tomrist.com\/tr\/product\/large-capacity-600d-waterproof-oxford-fabric-military-tactical-backpack-for-hunting\/","title":{"rendered":"Avc\u0131l\u0131k i\u00e7in B\u00fcy\u00fck Kapasiteli 600D Su Ge\u00e7irmez Oxford Kuma\u015f Askeri Taktik S\u0131rt \u00c7antas\u0131"},"content":{"rendered":"<p><strong>AVCILIK \u0130\u00c7\u0130N B\u00dcY\u00dcK KAPAS\u0130TEL\u0130 600D SU GE\u00c7\u0130RMEZ OXFORD KUMA\u015e ASKER\u0130 TAKT\u0130K SIRT \u00c7ANTASI<\/strong><\/p>\n<p>Kapsaml\u0131 bir sarmalay\u0131c\u0131 web platformu, MOLLE Sistemiyle uyumludur ve depolama alan\u0131n\u0131z\u0131 ihtiya\u00e7lar\u0131n\u0131za g\u00f6re \u00f6zelle\u015ftirmenize olanak tan\u0131r. Bu s\u0131rt \u00e7antas\u0131, stabiliteyi sa\u011flamak i\u00e7in harici s\u0131k\u0131\u015ft\u0131rma kay\u0131\u015flar\u0131, ayarlanabilir omuz ask\u0131lar\u0131 ve ortalanm\u0131\u015f g\u00f6\u011f\u00fcs kemi\u011fi kay\u0131\u015f\u0131 ve ekipman\u0131n\u0131z\u0131 her t\u00fcrl\u00fc iklimde kuru ve g\u00fcvende tutmak i\u00e7in suya dayan\u0131kl\u0131 yap\u0131 sunar.<\/p>\n","protected":false},"excerpt":{"rendered":"<p>Bu s\u0131rt \u00e7antas\u0131, taktiksel sald\u0131r\u0131 \u00e7antas\u0131ndan av s\u0131rt \u00e7antas\u0131na ve acil durum \u00e7antas\u0131na kadar bir\u00e7ok g\u00f6revi yerine getiren, y\u00fcksek performansl\u0131, \u00e7ok ama\u00e7l\u0131 bir \u00e7antad\u0131r.<\/p>\n","protected":false},"featured_media":20874,"comment_status":"open","ping_status":"closed","template":"","meta":[],"product_cat":[193],"product_tag":[],"_links":{"self":[{"href":"https:\/\/www.tomrist.com\/tr\/wp-json\/wp\/v2\/product\/20873"}],"collection":[{"href":"https:\/\/www.tomrist.com\/tr\/wp-json\/wp\/v2\/product"}],"about":[{"href":"https:\/\/www.tomrist.com\/tr\/wp-json\/wp\/v2\/types\/product"}],"replies":[{"embeddable":true,"href":"https:\/\/www.tomrist.com\/tr\/wp-json\/wp\/v2\/comments?post=20873"}],"wp:featuredmedia":[{"embeddable":true,"href":"https:\/\/www.tomrist.com\/tr\/wp-json\/wp\/v2\/media\/20874"}],"wp:attachment":[{"href":"https:\/\/www.tomrist.com\/tr\/wp-json\/wp\/v2\/media?parent=20873"}],"wp:term":[{"taxonomy":"product_cat","embeddable":true,"href":"https:\/\/www.tomrist.com\/tr\/wp-json\/wp\/v2\/product_cat?post=20873"},{"taxonomy":"product_tag","embeddable":true,"href":"https:\/\/www.tomrist.com\/tr\/wp-json\/wp\/v2\/product_tag?post=20873"}],"curies":[{"name":"wp","href":"https:\/\/api.w.org\/{rel}","templated":true}]}}