{"id":20875,"date":"2023-12-22T12:25:07","date_gmt":"2023-12-22T12:25:07","guid":{"rendered":"https:\/\/www.tomrist.com\/tr\/?post_type=product&#038;p=20875"},"modified":"2023-12-22T12:31:24","modified_gmt":"2023-12-22T12:31:24","slug":"military-tactical-bulletproof-mich-helmet","status":"publish","type":"product","link":"https:\/\/www.tomrist.com\/tr\/product\/military-tactical-bulletproof-mich-helmet\/","title":{"rendered":"Askeri Taktik Kur\u015fun Ge\u00e7irmez MICH Kask"},"content":{"rendered":"<p>ASKER\u0130 TAKT\u0130K KUR\u015eUN GE\u00c7\u0130RMEZ MICH KASK<\/p>\n<p>MICH (Mod\u00fcler Entegre \u0130leti\u015fim Kask\u0131\u00a0) kask\u0131, ordunun t\u00fcm bran\u015flar\u0131 i\u00e7in birincil koruyucu muharebe kask\u0131d\u0131r<\/p>\n<p>\u00d6ZELL\u0130KLER<\/p>\n<p>Balistik malzeme: Aramid<\/p>\n<p>Koruma Seviyesi: NIJ 010106 IIIA<\/p>\n<p>Renk: BM Mavisi<\/p>\n<p>OEM: Kabul edilebilir<\/p>\n","protected":false},"excerpt":{"rendered":"<div class=\"main\">\n<p>\u00c7ene kay\u0131\u015f\u0131 ve tutucu, 115 lb&#8217;lik gerilim y\u00fck\u00fcne dayanabilir ve para\u015f\u00fct operasyonlar\u0131 i\u00e7in tasarlanm\u0131\u015f ve onaylanm\u0131\u015ft\u0131r.<\/p>\n<p>\u00dcr\u00fcn No.:BF19<br \/>\n\u00d6deme: T\/T, L\/C<br \/>\nMinimum Sipari\u015f:10<br \/>\nNakliye Liman\u0131: HERHANG\u0130 B\u0130R L\u0130MAN<br \/>\nTeslim S\u00fcresi: 5-7 g\u00fcn<br \/>\nSertifikasyon: SGS test raporu<\/p>\n<\/div>\n","protected":false},"featured_media":20876,"comment_status":"open","ping_status":"closed","template":"","meta":[],"product_cat":[196],"product_tag":[],"_links":{"self":[{"href":"https:\/\/www.tomrist.com\/tr\/wp-json\/wp\/v2\/product\/20875"}],"collection":[{"href":"https:\/\/www.tomrist.com\/tr\/wp-json\/wp\/v2\/product"}],"about":[{"href":"https:\/\/www.tomrist.com\/tr\/wp-json\/wp\/v2\/types\/product"}],"replies":[{"embeddable":true,"href":"https:\/\/www.tomrist.com\/tr\/wp-json\/wp\/v2\/comments?post=20875"}],"wp:featuredmedia":[{"embeddable":true,"href":"https:\/\/www.tomrist.com\/tr\/wp-json\/wp\/v2\/media\/20876"}],"wp:attachment":[{"href":"https:\/\/www.tomrist.com\/tr\/wp-json\/wp\/v2\/media?parent=20875"}],"wp:term":[{"taxonomy":"product_cat","embeddable":true,"href":"https:\/\/www.tomrist.com\/tr\/wp-json\/wp\/v2\/product_cat?post=20875"},{"taxonomy":"product_tag","embeddable":true,"href":"https:\/\/www.tomrist.com\/tr\/wp-json\/wp\/v2\/product_tag?post=20875"}],"curies":[{"name":"wp","href":"https:\/\/api.w.org\/{rel}","templated":true}]}}