{"id":20877,"date":"2023-12-22T12:26:13","date_gmt":"2023-12-22T12:26:13","guid":{"rendered":"https:\/\/www.tomrist.com\/tr\/?post_type=product&#038;p=20877"},"modified":"2023-12-22T12:31:04","modified_gmt":"2023-12-22T12:31:04","slug":"acu-color-military-uniform-army-tactical-combat","status":"publish","type":"product","link":"https:\/\/www.tomrist.com\/tr\/product\/acu-color-military-uniform-army-tactical-combat\/","title":{"rendered":"ACU Renk Askeri \u00dcniforma Ordu Taktik Sava\u015f"},"content":{"rendered":"<div class=\"woocommerce-tabs wc-tabs-wrapper\">\n<div id=\"tab-description\" class=\"woocommerce-Tabs-panel woocommerce-Tabs-panel--description panel entry-content wc-tab\" role=\"tabpanel\" aria-labelledby=\"tab-title-description\">\n<p>ACU \u00c7\u00d6L KUM RENG\u0130 ASKER\u0130 \u00dcNIFORMA ORDU Taktik Sava\u015f G\u00f6mlek<\/p>\n<p>Kuma\u015f: TC %35 pamuk ve %65 polyester; 210GSM, askerin \u00e7\u00f6ldeki g\u00fcnl\u00fck antrenman\u0131na uygun en iyi bile\u015fim ve kal\u0131nl\u0131kt\u0131r. Ayr\u0131ca kuma\u015f ihtiya\u00e7lar\u0131n\u0131za g\u00f6re \u00f6zelle\u015ftirilebilir.<\/p>\n<p>M\u00fckemmel i\u015f\u00e7ilik ve kalite, renk hasl\u0131\u011f\u0131, kopma mukavemeti, \u00e7ekme mukavemeti vb. gibi t\u00fcm test gereksinimlerini kar\u015f\u0131layabilir.<\/p>\n<p>\u00d6ZELL\u0130KLER<\/p>\n<p>Kuma\u015f bile\u015fimi: %65 polyester, %35 pamuk<\/p>\n<p>Kuma\u015f a\u011f\u0131rl\u0131\u011f\u0131: 210gsm<\/p>\n<p>Renk: kum<\/p>\n<p>Paket: \u00fcniforma * 1 adet<\/p>\n<p>OEM: Kabul edilebilir<\/p>\n<\/div>\n<\/div>\n","protected":false},"excerpt":{"rendered":"<p>Bu ordu kumu \u00fcniformas\u0131 son derece dayan\u0131kl\u0131, nefes alabilen ve rahat kuma\u015ftan yap\u0131lm\u0131\u015ft\u0131r, \u00e7\u00f6lde g\u00f6rev yapan ve sava\u015fan askerler i\u00e7in uygundur. Nefes alabilen kuma\u015f, askerlerin uzun e\u011fitim ve sava\u015f s\u0131ras\u0131nda kendilerini rahat hissetmelerini sa\u011flayabilir.<\/p>\n<p>\u00dcr\u00fcn No.:MU19<br \/>\n\u00d6deme: T\/T, L\/C<br \/>\nMinimum Sipari\u015f:1000<br \/>\nNakliye Liman\u0131: HERHANG\u0130 B\u0130R L\u0130MAN<br \/>\nTeslim S\u00fcresi: 5-7 g\u00fcn<br \/>\nSertifikasyon: SGS test raporu<\/p>\n","protected":false},"featured_media":20880,"comment_status":"open","ping_status":"closed","template":"","meta":[],"product_cat":[193],"product_tag":[],"_links":{"self":[{"href":"https:\/\/www.tomrist.com\/tr\/wp-json\/wp\/v2\/product\/20877"}],"collection":[{"href":"https:\/\/www.tomrist.com\/tr\/wp-json\/wp\/v2\/product"}],"about":[{"href":"https:\/\/www.tomrist.com\/tr\/wp-json\/wp\/v2\/types\/product"}],"replies":[{"embeddable":true,"href":"https:\/\/www.tomrist.com\/tr\/wp-json\/wp\/v2\/comments?post=20877"}],"wp:featuredmedia":[{"embeddable":true,"href":"https:\/\/www.tomrist.com\/tr\/wp-json\/wp\/v2\/media\/20880"}],"wp:attachment":[{"href":"https:\/\/www.tomrist.com\/tr\/wp-json\/wp\/v2\/media?parent=20877"}],"wp:term":[{"taxonomy":"product_cat","embeddable":true,"href":"https:\/\/www.tomrist.com\/tr\/wp-json\/wp\/v2\/product_cat?post=20877"},{"taxonomy":"product_tag","embeddable":true,"href":"https:\/\/www.tomrist.com\/tr\/wp-json\/wp\/v2\/product_tag?post=20877"}],"curies":[{"name":"wp","href":"https:\/\/api.w.org\/{rel}","templated":true}]}}