{"id":2339,"date":"2020-05-12T10:32:31","date_gmt":"2020-05-12T10:32:31","guid":{"rendered":"http:\/\/www.tomrist.com\/tr\/?post_type=product&#038;p=2339"},"modified":"2023-12-22T12:28:36","modified_gmt":"2023-12-22T12:28:36","slug":"digital-binoculars","status":"publish","type":"product","link":"https:\/\/www.tomrist.com\/tr\/product\/digital-binoculars\/","title":{"rendered":"SR-FDY-7 Seviye Sa\u011flam Dayan\u0131kl\u0131 Polis NIJ IIIA Y\u00fckseltilebilir Taktik Kur\u015fun Ge\u00e7irmez Yelek"},"content":{"rendered":"<p>BAL\u0130ST\u0130K YELEK \u00dcr\u00fcne Genel Bak\u0131\u015f:<\/p>\n<p>Standart: NIJ IIIA(seviye III\/IV&#8217;e y\u00fckseltilebilir)<\/p>\n<p>Malzeme: PE\/KEVLAR.<br \/>\nTa\u015f\u0131y\u0131c\u0131: Naylon\/polyester.<br \/>\nRenk: Ye\u015fil, Kamuflaj, Kum, Siyah \u00f6zelle\u015ftirilebilir.<br \/>\nBoyut: Tek beden herkese uygundur.<br \/>\nKoruma alan\u0131: 0.4m2.-0.6m2<br \/>\nA\u011f\u0131rl\u0131k:3,2+\/-0,1kg<br \/>\nKoruma seviyesi: Minimum 1640 fps (500 m\/s) h\u0131zda balistik performans\u0131 kar\u015f\u0131lamak i\u00e7in 9 mm ve .44 Magnum&#8217;a kar\u015f\u0131.<br \/>\n\u00d6nde, arkada ve yanlarda balistik plakalar i\u00e7in i\u00e7 cepler.<br \/>\nKoruyucu Par\u00e7a: G\u00f6\u011f\u00fcs\/Arka\/Yan.<\/p>\n<p>10.Ek Fonksiyon:<\/p>\n<p>* Molle Sistemi (torbalar eklenebilir).<\/p>\n<p>*Par\u00e7alanma Korumas\u0131 V50&gt;550 m\/s (17 gr. par\u00e7a).<\/p>\n<p>*Yumu\u015fak v\u00fccut z\u0131rh\u0131nda en y\u00fcksek k\u00fcnt travma koruma derecesi.<\/p>\n<p>\u00c7ok y\u00fcksek riskli durumlar i\u00e7in en iyisi, nadir veya s\u0131ra d\u0131\u015f\u0131 tehditlerin \u00e7o\u011funu kapsamak.<\/p>\n<p>* Daha etkili kar\u015f\u0131l\u0131k ate\u015fi sa\u011flamak i\u00e7in k\u00fcnt travma yaralanmas\u0131n\u0131 en aza indirir.<\/p>\n<p>Malzeme avantaj\u0131: Su ge\u00e7irmez, dayan\u0131kl\u0131, a\u011f\u0131r hizmet tipi, a\u015f\u0131nmaya dayan\u0131kl\u0131.<\/p>\n","protected":false},"excerpt":{"rendered":"<ol>\n<li>Malzeme: PE\/KEVLAR.<br \/>\nTa\u015f\u0131y\u0131c\u0131: Naylon\/polyester.<br \/>\nRenk: Ye\u015fil, Kamuflaj, Kum, Siyah \u00f6zelle\u015ftirilebilir.<br \/>\nBoyut: Tek beden herkese uygundur.<br \/>\nKoruma alan\u0131: 0.4m2.-0.6m2<br \/>\nA\u011f\u0131rl\u0131k:3,2+\/-0,1kg<br \/>\nKoruma seviyesi: Minimum 1640 fps (500 m\/s) h\u0131zda balistik performans\u0131 kar\u015f\u0131lamak i\u00e7in 9 mm ve .44 Magnum&#8217;a kar\u015f\u0131.<\/li>\n<\/ol>\n","protected":false},"featured_media":20673,"comment_status":"open","ping_status":"closed","template":"","meta":[],"product_cat":[193],"product_tag":[89],"_links":{"self":[{"href":"https:\/\/www.tomrist.com\/tr\/wp-json\/wp\/v2\/product\/2339"}],"collection":[{"href":"https:\/\/www.tomrist.com\/tr\/wp-json\/wp\/v2\/product"}],"about":[{"href":"https:\/\/www.tomrist.com\/tr\/wp-json\/wp\/v2\/types\/product"}],"replies":[{"embeddable":true,"href":"https:\/\/www.tomrist.com\/tr\/wp-json\/wp\/v2\/comments?post=2339"}],"wp:featuredmedia":[{"embeddable":true,"href":"https:\/\/www.tomrist.com\/tr\/wp-json\/wp\/v2\/media\/20673"}],"wp:attachment":[{"href":"https:\/\/www.tomrist.com\/tr\/wp-json\/wp\/v2\/media?parent=2339"}],"wp:term":[{"taxonomy":"product_cat","embeddable":true,"href":"https:\/\/www.tomrist.com\/tr\/wp-json\/wp\/v2\/product_cat?post=2339"},{"taxonomy":"product_tag","embeddable":true,"href":"https:\/\/www.tomrist.com\/tr\/wp-json\/wp\/v2\/product_tag?post=2339"}],"curies":[{"name":"wp","href":"https:\/\/api.w.org\/{rel}","templated":true}]}}