{"id":2344,"date":"2020-05-12T10:29:27","date_gmt":"2020-05-12T10:29:27","guid":{"rendered":"http:\/\/www.tomrist.com\/tr\/?post_type=product&#038;p=2344"},"modified":"2023-12-20T23:45:27","modified_gmt":"2023-12-20T23:45:27","slug":"tactical-knife","status":"publish","type":"product","link":"https:\/\/www.tomrist.com\/tr\/product\/tactical-knife\/","title":{"rendered":"SR-FDY-13 Askeri Ordu Misyonu Kur\u015fun Ge\u00e7irmez Tam V\u00fccut Z\u0131rh\u0131 Balistik Plakalar \u0130\u00e7 Cepler"},"content":{"rendered":"<h3>Tam V\u00fccut Z\u0131rh\u0131 \u00dcr\u00fcn Bilgisi<\/h3>\n<p>Standart: NIJ IIIA<br \/>\n1. Malzeme: PE\/Kelvar.<br \/>\n2. Ta\u015f\u0131y\u0131c\u0131: Naylon\/polyester.<br \/>\n3. Renk: Ye\u015fil, Kamuflaj, Kum, Siyah \u00d6zelle\u015ftirilebilir.<br \/>\n4. Boyut: S\/M\/L\/XL\/2XL.<br \/>\n5. Koruma alan\u0131: 0,5m2.<br \/>\n6. Koruma seviyesi: minimum 1640 fps (500 m\/s) h\u0131zda balistik performans\u0131 kar\u015f\u0131lamak i\u00e7in 9 mm ve .44 Magnum&#8217;a kar\u015f\u0131. 7. \u00d6nde, arkada ve yanlarda balistik plakalar i\u00e7in cepler.<br \/>\n8. Koruyucu Par\u00e7a: Boyun\/G\u00f6\u011f\u00fcs\/S\u0131rt\/Yan\/Grion.<br \/>\nYumu\u015fak v\u00fccut z\u0131rh\u0131nda en y\u00fcksek k\u00fcnt travma koruma derecesi. \u00c7ok y\u00fcksek riskli durumlar i\u00e7in en iyisi, nadir veya s\u0131ra d\u0131\u015f\u0131 tehditlerin \u00e7o\u011funu kapsamak.<br \/>\nDaha etkili kar\u015f\u0131l\u0131k ate\u015fi sa\u011flamak i\u00e7in k\u00fcnt travma yaralanmas\u0131n\u0131 en aza indirir.<br \/>\nMalzeme avantaj\u0131: Su ge\u00e7irmez, dayan\u0131kl\u0131, a\u011f\u0131r hizmet tipi, a\u015f\u0131nmaya dayan\u0131kl\u0131<\/p>\n","protected":false},"excerpt":{"rendered":"<p>1. Malzeme: PE\/Kelvar.<br \/>\n2. Ta\u015f\u0131y\u0131c\u0131: Naylon\/polyester.<br \/>\n3. Renk: Ye\u015fil, Kamuflaj, Kum, Siyah \u00d6zelle\u015ftirilebilir.<br \/>\n4. Boyut: S\/M\/L\/XL\/2XL.<br \/>\n5. Koruma alan\u0131: 0,5m2.<br \/>\n6. Koruma seviyesi: minimum 1640 fps (500 m\/s) h\u0131zda balistik performans\u0131 kar\u015f\u0131lamak i\u00e7in 9 mm ve .44 Magnum&#8217;a kar\u015f\u0131. 7. \u00d6nde, arkada ve yanlarda balistik plakalar i\u00e7in cepler.<\/p>\n","protected":false},"featured_media":20678,"comment_status":"open","ping_status":"closed","template":"","meta":[],"product_cat":[193],"product_tag":[89],"_links":{"self":[{"href":"https:\/\/www.tomrist.com\/tr\/wp-json\/wp\/v2\/product\/2344"}],"collection":[{"href":"https:\/\/www.tomrist.com\/tr\/wp-json\/wp\/v2\/product"}],"about":[{"href":"https:\/\/www.tomrist.com\/tr\/wp-json\/wp\/v2\/types\/product"}],"replies":[{"embeddable":true,"href":"https:\/\/www.tomrist.com\/tr\/wp-json\/wp\/v2\/comments?post=2344"}],"wp:featuredmedia":[{"embeddable":true,"href":"https:\/\/www.tomrist.com\/tr\/wp-json\/wp\/v2\/media\/20678"}],"wp:attachment":[{"href":"https:\/\/www.tomrist.com\/tr\/wp-json\/wp\/v2\/media?parent=2344"}],"wp:term":[{"taxonomy":"product_cat","embeddable":true,"href":"https:\/\/www.tomrist.com\/tr\/wp-json\/wp\/v2\/product_cat?post=2344"},{"taxonomy":"product_tag","embeddable":true,"href":"https:\/\/www.tomrist.com\/tr\/wp-json\/wp\/v2\/product_tag?post=2344"}],"curies":[{"name":"wp","href":"https:\/\/api.w.org\/{rel}","templated":true}]}}