{"id":2381,"date":"2020-05-12T12:19:47","date_gmt":"2020-05-12T12:19:47","guid":{"rendered":"http:\/\/www.tomrist.com\/tr\/?post_type=product&#038;p=2381"},"modified":"2023-12-20T23:44:32","modified_gmt":"2023-12-20T23:44:32","slug":"pneumatic-beretta","status":"publish","type":"product","link":"https:\/\/www.tomrist.com\/tr\/product\/pneumatic-beretta\/","title":{"rendered":"SBA Deniz Kamuflaj\u0131 Aramid\/PE NIJ IIIA Y\u00fczer Kur\u015fun Ge\u00e7irmez Yelek"},"content":{"rendered":"<p>Model: Kur\u015fun Ge\u00e7irmez Yelek<br \/>\nMalzeme: PE veya Aramid<br \/>\nKoruma Seviyesi: NIJ 0101.06 Seviye IIIA<br \/>\nDiren\u00e7li Kur\u015fun: 9 mm Tabanca ve .44 Magnum<br \/>\nKoruma Alan\u0131: 0,3\u33a1<br \/>\nA\u011f\u0131rl\u0131k: 3,2 kg<br \/>\nRenk:\u00a0\u0130ngiliz Deniz Kamuflaj\u0131<\/p>\n<p>Balistik yelek veya kur\u015funa dayan\u0131kl\u0131 yelek (genellikle kur\u015fun ge\u00e7irmez yelek olarak da adland\u0131r\u0131l\u0131r), darbeyi absorbe etmeye ve ate\u015fli silahla ate\u015flenen mermilerin ve patlamalardan kaynaklanan \u015farapnellerin v\u00fccuda n\u00fcfuzunu azaltmaya veya durdurmaya yard\u0131mc\u0131 olan bir ki\u015fisel z\u0131rh \u00f6\u011fesidir ve g\u00f6vdeye giyilir. . Yumu\u015fak yelekler \u00e7ok say\u0131da dokuma veya lamine elyaf katman\u0131ndan yap\u0131l\u0131r ve kullan\u0131c\u0131y\u0131 k\u00fc\u00e7\u00fck kalibreli tabanca ve av t\u00fcfe\u011fi mermilerinden ve el bombas\u0131 gibi patlay\u0131c\u0131lardan kaynaklanan k\u00fc\u00e7\u00fck par\u00e7alardan koruyabilir.<\/p>\n","protected":false},"excerpt":{"rendered":"<p>Model: Kur\u015fun Ge\u00e7irmez Yelek<br \/>\nMalzeme: PE veya Aramid<br \/>\nKoruma Seviyesi: NIJ 0101.06 Seviye IIIA<br \/>\nDiren\u00e7li Kur\u015fun: 9 mm Tabanca ve .44 Magnum<br \/>\nKoruma Alan\u0131: 0,3\u33a1<br \/>\nA\u011f\u0131rl\u0131k: 3,2 kg<br \/>\nRenk:\u00a0\u0130ngiliz Deniz Kamuflaj\u0131<\/p>\n","protected":false},"featured_media":20676,"comment_status":"open","ping_status":"closed","template":"","meta":[],"product_cat":[193],"product_tag":[76,77,85],"_links":{"self":[{"href":"https:\/\/www.tomrist.com\/tr\/wp-json\/wp\/v2\/product\/2381"}],"collection":[{"href":"https:\/\/www.tomrist.com\/tr\/wp-json\/wp\/v2\/product"}],"about":[{"href":"https:\/\/www.tomrist.com\/tr\/wp-json\/wp\/v2\/types\/product"}],"replies":[{"embeddable":true,"href":"https:\/\/www.tomrist.com\/tr\/wp-json\/wp\/v2\/comments?post=2381"}],"wp:featuredmedia":[{"embeddable":true,"href":"https:\/\/www.tomrist.com\/tr\/wp-json\/wp\/v2\/media\/20676"}],"wp:attachment":[{"href":"https:\/\/www.tomrist.com\/tr\/wp-json\/wp\/v2\/media?parent=2381"}],"wp:term":[{"taxonomy":"product_cat","embeddable":true,"href":"https:\/\/www.tomrist.com\/tr\/wp-json\/wp\/v2\/product_cat?post=2381"},{"taxonomy":"product_tag","embeddable":true,"href":"https:\/\/www.tomrist.com\/tr\/wp-json\/wp\/v2\/product_tag?post=2381"}],"curies":[{"name":"wp","href":"https:\/\/api.w.org\/{rel}","templated":true}]}}